{"id":73,"date":"2024-12-05T13:50:04","date_gmt":"2024-12-05T12:50:04","guid":{"rendered":"https:\/\/ortizestudiolegal.com\/?page_id=73"},"modified":"2025-11-07T11:39:21","modified_gmt":"2025-11-07T10:39:21","slug":"mapa-web","status":"publish","type":"page","link":"https:\/\/ortizestudiolegal.com\/en\/mapa-web\/","title":{"rendered":"Web map"},"content":{"rendered":"<div data-elementor-type=\"wp-page\" data-elementor-id=\"73\" class=\"elementor elementor-73\" data-elementor-post-type=\"page\">\n\t\t\t\t<div class=\"elementor-element elementor-element-a30630d e-flex e-con-boxed e-con e-parent\" data-id=\"a30630d\" data-element_type=\"container\">\n\t\t\t\t\t<div class=\"e-con-inner\">\n\t\t\t\t<div class=\"elementor-element elementor-element-08fb7ba elementor-widget elementor-widget-heading\" data-id=\"08fb7ba\" data-element_type=\"widget\" data-widget_type=\"heading.default\">\n\t\t\t\t<div class=\"elementor-widget-container\">\n\t\t\t\t\t<h1 class=\"elementor-heading-title elementor-size-default\">Web map<\/h1>\t\t\t\t<\/div>\n\t\t\t\t<\/div>\n\t\t<div class=\"elementor-element elementor-element-109acf7 e-flex e-con-boxed e-con e-child\" data-id=\"109acf7\" data-element_type=\"container\">\n\t\t\t\t\t<div class=\"e-con-inner\">\n\t\t<div class=\"elementor-element elementor-element-3e90d8b e-flex e-con-boxed e-con e-child\" data-id=\"3e90d8b\" data-element_type=\"container\">\n\t\t\t\t\t<div class=\"e-con-inner\">\n\t\t\t\t<div class=\"elementor-element elementor-element-5e1ab5e elementor-widget elementor-widget-heading\" data-id=\"5e1ab5e\" data-element_type=\"widget\" data-widget_type=\"heading.default\">\n\t\t\t\t<div class=\"elementor-widget-container\">\n\t\t\t\t\t<h2 class=\"elementor-heading-title elementor-size-default\">Web<\/h2>\t\t\t\t<\/div>\n\t\t\t\t<\/div>\n\t\t\t\t<div class=\"elementor-element elementor-element-db82e57 elementor-widget elementor-widget-text-editor\" data-id=\"db82e57\" data-element_type=\"widget\" data-widget_type=\"text-editor.default\">\n\t\t\t\t<div class=\"elementor-widget-container\">\n\t\t\t\t\t\t\t\t\t<p><a href=\"https:\/\/ortizestudiolegal.com\/en\/\"><strong>START<\/strong><\/a><\/p><p><a href=\"https:\/\/ortizestudiolegal.com\/en\/servicios\/\"><strong>SERVICES<\/strong><\/a><\/p><p><a href=\"https:\/\/ortizestudiolegal.com\/en\/somos\/\"><strong>ARE<\/strong><\/a><\/p><p><a href=\"https:\/\/ortizestudiolegal.com\/en\/preguntas\/\"><strong>QUESTIONS<\/strong><\/a><\/p><p><a href=\"https:\/\/ortizestudiolegal.com\/en\/contacto\/\"><strong>CONTACT<\/strong><\/a><\/p>\t\t\t\t\t\t\t\t<\/div>\n\t\t\t\t<\/div>\n\t\t\t\t\t<\/div>\n\t\t\t\t<\/div>\n\t\t<div class=\"elementor-element elementor-element-187f993 e-flex e-con-boxed e-con e-child\" data-id=\"187f993\" data-element_type=\"container\">\n\t\t\t\t\t<div class=\"e-con-inner\">\n\t\t\t\t<div class=\"elementor-element elementor-element-b41df0e elementor-widget elementor-widget-heading\" data-id=\"b41df0e\" data-element_type=\"widget\" data-widget_type=\"heading.default\">\n\t\t\t\t<div class=\"elementor-widget-container\">\n\t\t\t\t\t<h2 class=\"elementor-heading-title elementor-size-default\">Legal<\/h2>\t\t\t\t<\/div>\n\t\t\t\t<\/div>\n\t\t\t\t<div class=\"elementor-element elementor-element-422655d elementor-widget elementor-widget-text-editor\" data-id=\"422655d\" data-element_type=\"widget\" data-widget_type=\"text-editor.default\">\n\t\t\t\t<div class=\"elementor-widget-container\">\n\t\t\t\t\t\t\t\t\t<p><a href=\"https:\/\/ortizestudiolegal.com\/en\/politica-privacidad\/\"><strong>PRIVACY<\/strong><\/a><\/p><p><a href=\"https:\/\/ortizestudiolegal.com\/en\/politica-cookies\/\"><strong>COOKIES<\/strong><\/a><\/p><p><a href=\"https:\/\/ortizestudiolegal.com\/en\/aviso-legal\/\"><strong>LEGAL NOTICE<\/strong><\/a><\/p><p><a href=\"https:\/\/ortizestudiolegal.com\/en\/accesibilidad\/\"><strong>ACCESSIBILITY<\/strong><\/a><\/p>\t\t\t\t\t\t\t\t<\/div>\n\t\t\t\t<\/div>\n\t\t\t\t\t<\/div>\n\t\t\t\t<\/div>\n\t\t\t\t\t<\/div>\n\t\t\t\t<\/div>\n\t\t\t\t\t<\/div>\n\t\t\t\t<\/div>\n\t\t\t\t<\/div>","protected":false},"excerpt":{"rendered":"<p>Mapa web Web INICIO SERVICIOS SOMOS PREGUNTAS CONTACTO Legales PRIVACIDAD COOKIES AVISO LEGAL ACCESIBILIDAD<\/p>","protected":false},"author":2,"featured_media":0,"parent":0,"menu_order":0,"comment_status":"closed","ping_status":"closed","template":"","meta":{"footnotes":""},"class_list":["post-73","page","type-page","status-publish","hentry"],"yoast_head":"<!-- This site is optimized with the Yoast SEO plugin v26.8 - https:\/\/yoast.com\/product\/yoast-seo-wordpress\/ -->\n<title>Mapa web | Estudio Legal Ortiz<\/title>\n<meta name=\"description\" content=\"Ofrecemos asesoramiento jur\u00eddico integral en las diferentes \u00e1reas derecho como: civil, penal, laboral, fiscal y extranjer\u00eda, garantizamos siempre soluciones estrat\u00e9gicas y eficaces.\" \/>\n<meta name=\"robots\" content=\"noindex, nofollow\" \/>\n<meta property=\"og:locale\" content=\"en_GB\" \/>\n<meta property=\"og:type\" content=\"article\" \/>\n<meta property=\"og:title\" content=\"Mapa web | Estudio Legal Ortiz\" \/>\n<meta property=\"og:description\" content=\"Ofrecemos asesoramiento jur\u00eddico integral en las diferentes \u00e1reas derecho como: civil, penal, laboral, fiscal y extranjer\u00eda, garantizamos siempre soluciones estrat\u00e9gicas y eficaces.\" \/>\n<meta property=\"og:url\" content=\"https:\/\/ortizestudiolegal.com\/en\/mapa-web\/\" \/>\n<meta property=\"og:site_name\" content=\"Estudio Legal Ortiz\" \/>\n<meta property=\"article:publisher\" content=\"https:\/\/www.facebook.com\/ortizestudiolegal\/\" \/>\n<meta property=\"article:modified_time\" content=\"2025-11-07T10:39:21+00:00\" \/>\n<meta property=\"og:image\" content=\"https:\/\/ortizestudiolegal.com\/wp-content\/uploads\/2024\/12\/ico.webp\" \/>\n\t<meta property=\"og:image:width\" content=\"750\" \/>\n\t<meta property=\"og:image:height\" content=\"750\" \/>\n\t<meta property=\"og:image:type\" content=\"image\/webp\" \/>\n<meta name=\"twitter:card\" content=\"summary_large_image\" \/>\n<meta name=\"twitter:label1\" content=\"Estimated reading time\" \/>\n\t<meta name=\"twitter:data1\" content=\"1 minute\" \/>\n<script type=\"application\/ld+json\" class=\"yoast-schema-graph\">{\"@context\":\"https:\/\/schema.org\",\"@graph\":[{\"@type\":\"WebPage\",\"@id\":\"https:\/\/ortizestudiolegal.com\/mapa-web\/\",\"url\":\"https:\/\/ortizestudiolegal.com\/mapa-web\/\",\"name\":\"Mapa web | Estudio Legal Ortiz\",\"isPartOf\":{\"@id\":\"https:\/\/ortizestudiolegal.com\/#website\"},\"datePublished\":\"2024-12-05T12:50:04+00:00\",\"dateModified\":\"2025-11-07T10:39:21+00:00\",\"description\":\"Ofrecemos asesoramiento jur\u00eddico integral en las diferentes \u00e1reas derecho como: civil, penal, laboral, fiscal y extranjer\u00eda, garantizamos siempre soluciones estrat\u00e9gicas y eficaces.\",\"breadcrumb\":{\"@id\":\"https:\/\/ortizestudiolegal.com\/mapa-web\/#breadcrumb\"},\"inLanguage\":\"en-GB\",\"potentialAction\":[{\"@type\":\"ReadAction\",\"target\":[\"https:\/\/ortizestudiolegal.com\/mapa-web\/\"]}]},{\"@type\":\"BreadcrumbList\",\"@id\":\"https:\/\/ortizestudiolegal.com\/mapa-web\/#breadcrumb\",\"itemListElement\":[{\"@type\":\"ListItem\",\"position\":1,\"name\":\"Portada\",\"item\":\"https:\/\/ortizestudiolegal.com\/\"},{\"@type\":\"ListItem\",\"position\":2,\"name\":\"Mapa web\"}]},{\"@type\":\"WebSite\",\"@id\":\"https:\/\/ortizestudiolegal.com\/#website\",\"url\":\"https:\/\/ortizestudiolegal.com\/\",\"name\":\"Estudio Legal Ortiz & Asociados\",\"description\":\"Agobados en Sevilla\",\"publisher\":{\"@id\":\"https:\/\/ortizestudiolegal.com\/#organization\"},\"alternateName\":\"Estudio Legal Ortiz & Asociados\",\"potentialAction\":[{\"@type\":\"SearchAction\",\"target\":{\"@type\":\"EntryPoint\",\"urlTemplate\":\"https:\/\/ortizestudiolegal.com\/?s={search_term_string}\"},\"query-input\":{\"@type\":\"PropertyValueSpecification\",\"valueRequired\":true,\"valueName\":\"search_term_string\"}}],\"inLanguage\":\"en-GB\"},{\"@type\":\"Organization\",\"@id\":\"https:\/\/ortizestudiolegal.com\/#organization\",\"name\":\"Estudio Legal Ortiz\",\"alternateName\":\"Estudio Legal Ortiz & Asociados\",\"url\":\"https:\/\/ortizestudiolegal.com\/\",\"logo\":{\"@type\":\"ImageObject\",\"inLanguage\":\"en-GB\",\"@id\":\"https:\/\/ortizestudiolegal.com\/#\/schema\/logo\/image\/\",\"url\":\"https:\/\/ortizestudiolegal.com\/wp-content\/uploads\/2024\/12\/ico.webp\",\"contentUrl\":\"https:\/\/ortizestudiolegal.com\/wp-content\/uploads\/2024\/12\/ico.webp\",\"width\":750,\"height\":750,\"caption\":\"Estudio Legal Ortiz\"},\"image\":{\"@id\":\"https:\/\/ortizestudiolegal.com\/#\/schema\/logo\/image\/\"},\"sameAs\":[\"https:\/\/www.facebook.com\/ortizestudiolegal\/\"]}]}<\/script>\n<!-- \/ Yoast SEO plugin. -->","yoast_head_json":{"title":"Mapa web | Estudio Legal Ortiz","description":"Ofrecemos asesoramiento jur\u00eddico integral en las diferentes \u00e1reas derecho como: civil, penal, laboral, fiscal y extranjer\u00eda, garantizamos siempre soluciones estrat\u00e9gicas y eficaces.","robots":{"index":"noindex","follow":"nofollow"},"og_locale":"en_GB","og_type":"article","og_title":"Mapa web | Estudio Legal Ortiz","og_description":"Ofrecemos asesoramiento jur\u00eddico integral en las diferentes \u00e1reas derecho como: civil, penal, laboral, fiscal y extranjer\u00eda, garantizamos siempre soluciones estrat\u00e9gicas y eficaces.","og_url":"https:\/\/ortizestudiolegal.com\/en\/mapa-web\/","og_site_name":"Estudio Legal Ortiz","article_publisher":"https:\/\/www.facebook.com\/ortizestudiolegal\/","article_modified_time":"2025-11-07T10:39:21+00:00","og_image":[{"width":750,"height":750,"url":"https:\/\/ortizestudiolegal.com\/wp-content\/uploads\/2024\/12\/ico.webp","type":"image\/webp"}],"twitter_card":"summary_large_image","twitter_misc":{"Estimated reading time":"1 minute"},"schema":{"@context":"https:\/\/schema.org","@graph":[{"@type":"WebPage","@id":"https:\/\/ortizestudiolegal.com\/mapa-web\/","url":"https:\/\/ortizestudiolegal.com\/mapa-web\/","name":"Mapa web | Estudio Legal Ortiz","isPartOf":{"@id":"https:\/\/ortizestudiolegal.com\/#website"},"datePublished":"2024-12-05T12:50:04+00:00","dateModified":"2025-11-07T10:39:21+00:00","description":"Ofrecemos asesoramiento jur\u00eddico integral en las diferentes \u00e1reas derecho como: civil, penal, laboral, fiscal y extranjer\u00eda, garantizamos siempre soluciones estrat\u00e9gicas y eficaces.","breadcrumb":{"@id":"https:\/\/ortizestudiolegal.com\/mapa-web\/#breadcrumb"},"inLanguage":"en-GB","potentialAction":[{"@type":"ReadAction","target":["https:\/\/ortizestudiolegal.com\/mapa-web\/"]}]},{"@type":"BreadcrumbList","@id":"https:\/\/ortizestudiolegal.com\/mapa-web\/#breadcrumb","itemListElement":[{"@type":"ListItem","position":1,"name":"Portada","item":"https:\/\/ortizestudiolegal.com\/"},{"@type":"ListItem","position":2,"name":"Mapa web"}]},{"@type":"WebSite","@id":"https:\/\/ortizestudiolegal.com\/#website","url":"https:\/\/ortizestudiolegal.com\/","name":"Estudio Legal Ortiz & Asociados","description":"Agobados en Sevilla","publisher":{"@id":"https:\/\/ortizestudiolegal.com\/#organization"},"alternateName":"Estudio Legal Ortiz & Asociados","potentialAction":[{"@type":"SearchAction","target":{"@type":"EntryPoint","urlTemplate":"https:\/\/ortizestudiolegal.com\/?s={search_term_string}"},"query-input":{"@type":"PropertyValueSpecification","valueRequired":true,"valueName":"search_term_string"}}],"inLanguage":"en-GB"},{"@type":"Organization","@id":"https:\/\/ortizestudiolegal.com\/#organization","name":"Estudio Legal Ortiz","alternateName":"Estudio Legal Ortiz & Asociados","url":"https:\/\/ortizestudiolegal.com\/","logo":{"@type":"ImageObject","inLanguage":"en-GB","@id":"https:\/\/ortizestudiolegal.com\/#\/schema\/logo\/image\/","url":"https:\/\/ortizestudiolegal.com\/wp-content\/uploads\/2024\/12\/ico.webp","contentUrl":"https:\/\/ortizestudiolegal.com\/wp-content\/uploads\/2024\/12\/ico.webp","width":750,"height":750,"caption":"Estudio Legal Ortiz"},"image":{"@id":"https:\/\/ortizestudiolegal.com\/#\/schema\/logo\/image\/"},"sameAs":["https:\/\/www.facebook.com\/ortizestudiolegal\/"]}]}},"_links":{"self":[{"href":"https:\/\/ortizestudiolegal.com\/en\/wp-json\/wp\/v2\/pages\/73","targetHints":{"allow":["GET"]}}],"collection":[{"href":"https:\/\/ortizestudiolegal.com\/en\/wp-json\/wp\/v2\/pages"}],"about":[{"href":"https:\/\/ortizestudiolegal.com\/en\/wp-json\/wp\/v2\/types\/page"}],"author":[{"embeddable":true,"href":"https:\/\/ortizestudiolegal.com\/en\/wp-json\/wp\/v2\/users\/2"}],"replies":[{"embeddable":true,"href":"https:\/\/ortizestudiolegal.com\/en\/wp-json\/wp\/v2\/comments?post=73"}],"version-history":[{"count":10,"href":"https:\/\/ortizestudiolegal.com\/en\/wp-json\/wp\/v2\/pages\/73\/revisions"}],"predecessor-version":[{"id":460,"href":"https:\/\/ortizestudiolegal.com\/en\/wp-json\/wp\/v2\/pages\/73\/revisions\/460"}],"wp:attachment":[{"href":"https:\/\/ortizestudiolegal.com\/en\/wp-json\/wp\/v2\/media?parent=73"}],"curies":[{"name":"wp","href":"https:\/\/api.w.org\/{rel}","templated":true}]}}