{"id":55,"date":"2024-12-05T13:46:34","date_gmt":"2024-12-05T12:46:34","guid":{"rendered":"https:\/\/ortizestudiolegal.com\/?page_id=55"},"modified":"2025-11-07T11:38:04","modified_gmt":"2025-11-07T10:38:04","slug":"accesibilidad","status":"publish","type":"page","link":"https:\/\/ortizestudiolegal.com\/en\/accesibilidad\/","title":{"rendered":"Accessibility"},"content":{"rendered":"<div data-elementor-type=\"wp-page\" data-elementor-id=\"55\" class=\"elementor elementor-55\" data-elementor-post-type=\"page\">\n\t\t\t\t<div class=\"elementor-element elementor-element-f3931d9 e-flex e-con-boxed e-con e-parent\" data-id=\"f3931d9\" data-element_type=\"container\">\n\t\t\t\t\t<div class=\"e-con-inner\">\n\t\t\t\t<div class=\"elementor-element elementor-element-bc99207 elementor-widget elementor-widget-heading\" data-id=\"bc99207\" data-element_type=\"widget\" data-widget_type=\"heading.default\">\n\t\t\t\t<div class=\"elementor-widget-container\">\n\t\t\t\t\t<h2 class=\"elementor-heading-title elementor-size-default\">Accessibility<\/h2>\t\t\t\t<\/div>\n\t\t\t\t<\/div>\n\t\t\t\t<div class=\"elementor-element elementor-element-4a0c520 elementor-widget elementor-widget-text-editor\" data-id=\"4a0c520\" data-element_type=\"widget\" data-widget_type=\"text-editor.default\">\n\t\t\t\t<div class=\"elementor-widget-container\">\n\t\t\t\t\t\t\t\t\t<p>ACCESSIBILITY COMMITMENT<\/p>\t\t\t\t\t\t\t\t<\/div>\n\t\t\t\t<\/div>\n\t\t\t\t<div class=\"elementor-element elementor-element-ceb7387 elementor-widget elementor-widget-text-editor\" data-id=\"ceb7387\" data-element_type=\"widget\" data-widget_type=\"text-editor.default\">\n\t\t\t\t<div class=\"elementor-widget-container\">\n\t\t\t\t\t\t\t\t\t<p>M\u00aa Jos\u00e9 Trillo Ort\u00edz has undertaken to make its website accessible, in accordance with Royal Decree 1112\/2018, of September 7, on the accessibility of websites and applications for mobile devices.<br \/>This accessibility statement applies to the website https:\/\/www.ortizestudiolegal.com.<br \/>This website is fully compliant with RD 1112\/2018.<br \/>Since it meets the following requirements:<\/p><ul><li>The website is accessible to its users, and in particular to the elderly and people with disabilities, so that the content is perceptible, operable, understandable and robust, taking into account the rules of Article 6.<\/li><li>Accessibility has been taken into account throughout the design, management, maintenance and content updating process of the website.<\/li><li>The website has taken steps to increase accessibility with respect to the minimum level of accessibility that must be met at any given time.<\/li><\/ul>\t\t\t\t\t\t\t\t<\/div>\n\t\t\t\t<\/div>\n\t\t\t\t<div class=\"elementor-element elementor-element-08ce731 elementor-widget elementor-widget-text-editor\" data-id=\"08ce731\" data-element_type=\"widget\" data-widget_type=\"text-editor.default\">\n\t\t\t\t<div class=\"elementor-widget-container\">\n\t\t\t\t\t\t\t\t\t<p>LACK OF COMPLIANCE WITH RD 1112\/2018<\/p>\t\t\t\t\t\t\t\t<\/div>\n\t\t\t\t<\/div>\n\t\t\t\t<div class=\"elementor-element elementor-element-35c519e elementor-widget elementor-widget-text-editor\" data-id=\"35c519e\" data-element_type=\"widget\" data-widget_type=\"text-editor.default\">\n\t\t\t\t<div class=\"elementor-widget-container\">\n\t\t\t\t\t\t\t\t\t<p>Ortiz Law Firm complies with RD 1112\/2018.<\/p>\t\t\t\t\t\t\t\t<\/div>\n\t\t\t\t<\/div>\n\t\t\t\t<div class=\"elementor-element elementor-element-2d10602 elementor-widget elementor-widget-text-editor\" data-id=\"2d10602\" data-element_type=\"widget\" data-widget_type=\"text-editor.default\">\n\t\t\t\t<div class=\"elementor-widget-container\">\n\t\t\t\t\t\t\t\t\t<p>DISPROPORTIONATE LOAD<\/p>\t\t\t\t\t\t\t\t<\/div>\n\t\t\t\t<\/div>\n\t\t\t\t<div class=\"elementor-element elementor-element-ec9135e elementor-widget elementor-widget-text-editor\" data-id=\"ec9135e\" data-element_type=\"widget\" data-widget_type=\"text-editor.default\">\n\t\t\t\t<div class=\"elementor-widget-container\">\n\t\t\t\t\t\t\t\t\t<p>There is no consideration of a disproportionate burden.<br \/>In order to assess the extent to which compliance with the accessibility requirements set out in this Royal Decree imposes a disproportionate burden, we have taken into account the following circumstances:<\/p><p style=\"padding-left: 40px;\">a) The size, resources and nature of the specific obligated subject.<br \/>b) The estimated costs and benefits for the same, in relation to the estimated benefits for people with disabilities and older people, taking into account the frequency and duration of use of the website or mobile application in particular.<\/p>\t\t\t\t\t\t\t\t<\/div>\n\t\t\t\t<\/div>\n\t\t\t\t<div class=\"elementor-element elementor-element-6a2dcb5 elementor-widget elementor-widget-text-editor\" data-id=\"6a2dcb5\" data-element_type=\"widget\" data-widget_type=\"text-editor.default\">\n\t\t\t\t<div class=\"elementor-widget-container\">\n\t\t\t\t\t\t\t\t\t<p>THE CONTENT DOES NOT FALL WITHIN THE SCOPE OF APPLICABLE LEGISLATION<\/p>\t\t\t\t\t\t\t\t<\/div>\n\t\t\t\t<\/div>\n\t\t\t\t<div class=\"elementor-element elementor-element-bbe5c47 elementor-widget elementor-widget-text-editor\" data-id=\"bbe5c47\" data-element_type=\"widget\" data-widget_type=\"text-editor.default\">\n\t\t\t\t<div class=\"elementor-widget-container\">\n\t\t\t\t\t\t\t\t\t<p>n\/a<\/p>\t\t\t\t\t\t\t\t<\/div>\n\t\t\t\t<\/div>\n\t\t\t\t<div class=\"elementor-element elementor-element-7335e14 elementor-widget elementor-widget-text-editor\" data-id=\"7335e14\" data-element_type=\"widget\" data-widget_type=\"text-editor.default\">\n\t\t\t\t<div class=\"elementor-widget-container\">\n\t\t\t\t\t\t\t\t\t<p>PREPARATION FOR THE NEXT ACCESSIBILITY STATEMENT<\/p>\t\t\t\t\t\t\t\t<\/div>\n\t\t\t\t<\/div>\n\t\t\t\t<div class=\"elementor-element elementor-element-9c6fd0a elementor-widget elementor-widget-text-editor\" data-id=\"9c6fd0a\" data-element_type=\"widget\" data-widget_type=\"text-editor.default\">\n\t\t\t\t<div class=\"elementor-widget-container\">\n\t\t\t\t\t\t\t\t\t<p>This statement was prepared on January 24, 2024.<br \/>The method used to prepare the declaration was a self-assessment carried out by the agency itself.<\/p>\t\t\t\t\t\t\t\t<\/div>\n\t\t\t\t<\/div>\n\t\t\t\t<div class=\"elementor-element elementor-element-a10e329 elementor-widget elementor-widget-text-editor\" data-id=\"a10e329\" data-element_type=\"widget\" data-widget_type=\"text-editor.default\">\n\t\t\t\t<div class=\"elementor-widget-container\">\n\t\t\t\t\t\t\t\t\t<p>OBSERVATIONS AND CONTACT INFORMATION<\/p>\t\t\t\t\t\t\t\t<\/div>\n\t\t\t\t<\/div>\n\t\t\t\t<div class=\"elementor-element elementor-element-633bf4b elementor-widget elementor-widget-text-editor\" data-id=\"633bf4b\" data-element_type=\"widget\" data-widget_type=\"text-editor.default\">\n\t\t\t\t<div class=\"elementor-widget-container\">\n\t\t\t\t\t\t\t\t\t<ul><li>You can make communications about accessibility requirements (article 10.2.a of RD 1112\/2018) such as, for example: Report any possible non-compliance by this website, report other difficulties in accessing the content, ask any other questions or suggest improvements related to the accessibility of the website via email at contacto@ortizasociados.com or by calling 616 997 522.<\/li><li>You can submit: Complaint regarding compliance with the requirements of RD 1112\/2018 or request for accessible information regarding:<br \/>Contents that are excluded from the scope of RD 1112\/2018 as established by article 3, section 4.<br \/>Content that is exempt from compliance with accessibility requirements because it imposes a disproportionate burden.<\/li><\/ul><p>In the Request for Accessible Information, the facts, reasons and request that allow it to be verified that it is a reasonable and legitimate request must be clearly specified.<\/p><p>Complaints and claims regarding accessible information will be made via email to contacto@ortizasociados.com<br \/>which will be received and processed by M\u00aa Jos\u00e9 Trillo Ort\u00edz.<\/p>\t\t\t\t\t\t\t\t<\/div>\n\t\t\t\t<\/div>\n\t\t\t\t\t<\/div>\n\t\t\t\t<\/div>\n\t\t\t\t<\/div>","protected":false},"excerpt":{"rendered":"<p>Accesibilidad COMPROMISO DE ACCESIBILIDAD M\u00aa Jos\u00e9 Trillo Ort\u00edz\u00a0se ha comprometido a hacer accesible su sitio web, de conformidad con el Real Decreto 1112\/2018, de 7 de septiembre, sobre accesibilidad de los sitios web y aplicaciones para dispositivos m\u00f3viles.La presente declaraci\u00f3n de accesibilidad se aplica al sitio web https:\/\/www.ortizestudiolegal.com.Este sitio web es plenamente conforme con RD [&hellip;]<\/p>","protected":false},"author":2,"featured_media":0,"parent":0,"menu_order":0,"comment_status":"closed","ping_status":"closed","template":"","meta":{"footnotes":""},"class_list":["post-55","page","type-page","status-publish","hentry"],"yoast_head":"<!-- This site is optimized with the Yoast SEO plugin v26.8 - https:\/\/yoast.com\/product\/yoast-seo-wordpress\/ -->\n<title>Accesibilidad | Estudio Legal Ortiz<\/title>\n<meta name=\"description\" content=\"Ofrecemos asesoramiento jur\u00eddico integral en las diferentes \u00e1reas derecho como: civil, penal, laboral, fiscal y extranjer\u00eda, garantizamos siempre soluciones estrat\u00e9gicas y eficaces.\" \/>\n<meta name=\"robots\" content=\"noindex, nofollow\" \/>\n<meta property=\"og:locale\" content=\"en_GB\" \/>\n<meta property=\"og:type\" content=\"article\" \/>\n<meta property=\"og:title\" content=\"Accesibilidad | Estudio Legal Ortiz\" \/>\n<meta property=\"og:description\" content=\"Ofrecemos asesoramiento jur\u00eddico integral en las diferentes \u00e1reas derecho como: civil, penal, laboral, fiscal y extranjer\u00eda, garantizamos siempre soluciones estrat\u00e9gicas y eficaces.\" \/>\n<meta property=\"og:url\" content=\"https:\/\/ortizestudiolegal.com\/en\/accesibilidad\/\" \/>\n<meta property=\"og:site_name\" content=\"Estudio Legal Ortiz\" \/>\n<meta property=\"article:publisher\" content=\"https:\/\/www.facebook.com\/ortizestudiolegal\/\" \/>\n<meta property=\"article:modified_time\" content=\"2025-11-07T10:38:04+00:00\" \/>\n<meta property=\"og:image\" content=\"https:\/\/ortizestudiolegal.com\/wp-content\/uploads\/2024\/12\/ico.webp\" \/>\n\t<meta property=\"og:image:width\" content=\"750\" \/>\n\t<meta property=\"og:image:height\" content=\"750\" \/>\n\t<meta property=\"og:image:type\" content=\"image\/webp\" \/>\n<meta name=\"twitter:card\" content=\"summary_large_image\" \/>\n<meta name=\"twitter:label1\" content=\"Estimated reading time\" \/>\n\t<meta name=\"twitter:data1\" content=\"3 minutes\" \/>\n<script type=\"application\/ld+json\" class=\"yoast-schema-graph\">{\"@context\":\"https:\/\/schema.org\",\"@graph\":[{\"@type\":\"WebPage\",\"@id\":\"https:\/\/ortizestudiolegal.com\/accesibilidad\/\",\"url\":\"https:\/\/ortizestudiolegal.com\/accesibilidad\/\",\"name\":\"Accesibilidad | Estudio Legal Ortiz\",\"isPartOf\":{\"@id\":\"https:\/\/ortizestudiolegal.com\/#website\"},\"datePublished\":\"2024-12-05T12:46:34+00:00\",\"dateModified\":\"2025-11-07T10:38:04+00:00\",\"description\":\"Ofrecemos asesoramiento jur\u00eddico integral en las diferentes \u00e1reas derecho como: civil, penal, laboral, fiscal y extranjer\u00eda, garantizamos siempre soluciones estrat\u00e9gicas y eficaces.\",\"breadcrumb\":{\"@id\":\"https:\/\/ortizestudiolegal.com\/accesibilidad\/#breadcrumb\"},\"inLanguage\":\"en-GB\",\"potentialAction\":[{\"@type\":\"ReadAction\",\"target\":[\"https:\/\/ortizestudiolegal.com\/accesibilidad\/\"]}]},{\"@type\":\"BreadcrumbList\",\"@id\":\"https:\/\/ortizestudiolegal.com\/accesibilidad\/#breadcrumb\",\"itemListElement\":[{\"@type\":\"ListItem\",\"position\":1,\"name\":\"Portada\",\"item\":\"https:\/\/ortizestudiolegal.com\/\"},{\"@type\":\"ListItem\",\"position\":2,\"name\":\"Accesibilidad\"}]},{\"@type\":\"WebSite\",\"@id\":\"https:\/\/ortizestudiolegal.com\/#website\",\"url\":\"https:\/\/ortizestudiolegal.com\/\",\"name\":\"Estudio Legal Ortiz & Asociados\",\"description\":\"Agobados en Sevilla\",\"publisher\":{\"@id\":\"https:\/\/ortizestudiolegal.com\/#organization\"},\"alternateName\":\"Estudio Legal Ortiz & Asociados\",\"potentialAction\":[{\"@type\":\"SearchAction\",\"target\":{\"@type\":\"EntryPoint\",\"urlTemplate\":\"https:\/\/ortizestudiolegal.com\/?s={search_term_string}\"},\"query-input\":{\"@type\":\"PropertyValueSpecification\",\"valueRequired\":true,\"valueName\":\"search_term_string\"}}],\"inLanguage\":\"en-GB\"},{\"@type\":\"Organization\",\"@id\":\"https:\/\/ortizestudiolegal.com\/#organization\",\"name\":\"Estudio Legal Ortiz\",\"alternateName\":\"Estudio Legal Ortiz & Asociados\",\"url\":\"https:\/\/ortizestudiolegal.com\/\",\"logo\":{\"@type\":\"ImageObject\",\"inLanguage\":\"en-GB\",\"@id\":\"https:\/\/ortizestudiolegal.com\/#\/schema\/logo\/image\/\",\"url\":\"https:\/\/ortizestudiolegal.com\/wp-content\/uploads\/2024\/12\/ico.webp\",\"contentUrl\":\"https:\/\/ortizestudiolegal.com\/wp-content\/uploads\/2024\/12\/ico.webp\",\"width\":750,\"height\":750,\"caption\":\"Estudio Legal Ortiz\"},\"image\":{\"@id\":\"https:\/\/ortizestudiolegal.com\/#\/schema\/logo\/image\/\"},\"sameAs\":[\"https:\/\/www.facebook.com\/ortizestudiolegal\/\"]}]}<\/script>\n<!-- \/ Yoast SEO plugin. -->","yoast_head_json":{"title":"Accesibilidad | Estudio Legal Ortiz","description":"Ofrecemos asesoramiento jur\u00eddico integral en las diferentes \u00e1reas derecho como: civil, penal, laboral, fiscal y extranjer\u00eda, garantizamos siempre soluciones estrat\u00e9gicas y eficaces.","robots":{"index":"noindex","follow":"nofollow"},"og_locale":"en_GB","og_type":"article","og_title":"Accesibilidad | Estudio Legal Ortiz","og_description":"Ofrecemos asesoramiento jur\u00eddico integral en las diferentes \u00e1reas derecho como: civil, penal, laboral, fiscal y extranjer\u00eda, garantizamos siempre soluciones estrat\u00e9gicas y eficaces.","og_url":"https:\/\/ortizestudiolegal.com\/en\/accesibilidad\/","og_site_name":"Estudio Legal Ortiz","article_publisher":"https:\/\/www.facebook.com\/ortizestudiolegal\/","article_modified_time":"2025-11-07T10:38:04+00:00","og_image":[{"width":750,"height":750,"url":"https:\/\/ortizestudiolegal.com\/wp-content\/uploads\/2024\/12\/ico.webp","type":"image\/webp"}],"twitter_card":"summary_large_image","twitter_misc":{"Estimated reading time":"3 minutes"},"schema":{"@context":"https:\/\/schema.org","@graph":[{"@type":"WebPage","@id":"https:\/\/ortizestudiolegal.com\/accesibilidad\/","url":"https:\/\/ortizestudiolegal.com\/accesibilidad\/","name":"Accesibilidad | Estudio Legal Ortiz","isPartOf":{"@id":"https:\/\/ortizestudiolegal.com\/#website"},"datePublished":"2024-12-05T12:46:34+00:00","dateModified":"2025-11-07T10:38:04+00:00","description":"Ofrecemos asesoramiento jur\u00eddico integral en las diferentes \u00e1reas derecho como: civil, penal, laboral, fiscal y extranjer\u00eda, garantizamos siempre soluciones estrat\u00e9gicas y eficaces.","breadcrumb":{"@id":"https:\/\/ortizestudiolegal.com\/accesibilidad\/#breadcrumb"},"inLanguage":"en-GB","potentialAction":[{"@type":"ReadAction","target":["https:\/\/ortizestudiolegal.com\/accesibilidad\/"]}]},{"@type":"BreadcrumbList","@id":"https:\/\/ortizestudiolegal.com\/accesibilidad\/#breadcrumb","itemListElement":[{"@type":"ListItem","position":1,"name":"Portada","item":"https:\/\/ortizestudiolegal.com\/"},{"@type":"ListItem","position":2,"name":"Accesibilidad"}]},{"@type":"WebSite","@id":"https:\/\/ortizestudiolegal.com\/#website","url":"https:\/\/ortizestudiolegal.com\/","name":"Estudio Legal Ortiz & Asociados","description":"Agobados en Sevilla","publisher":{"@id":"https:\/\/ortizestudiolegal.com\/#organization"},"alternateName":"Estudio Legal Ortiz & Asociados","potentialAction":[{"@type":"SearchAction","target":{"@type":"EntryPoint","urlTemplate":"https:\/\/ortizestudiolegal.com\/?s={search_term_string}"},"query-input":{"@type":"PropertyValueSpecification","valueRequired":true,"valueName":"search_term_string"}}],"inLanguage":"en-GB"},{"@type":"Organization","@id":"https:\/\/ortizestudiolegal.com\/#organization","name":"Estudio Legal Ortiz","alternateName":"Estudio Legal Ortiz & Asociados","url":"https:\/\/ortizestudiolegal.com\/","logo":{"@type":"ImageObject","inLanguage":"en-GB","@id":"https:\/\/ortizestudiolegal.com\/#\/schema\/logo\/image\/","url":"https:\/\/ortizestudiolegal.com\/wp-content\/uploads\/2024\/12\/ico.webp","contentUrl":"https:\/\/ortizestudiolegal.com\/wp-content\/uploads\/2024\/12\/ico.webp","width":750,"height":750,"caption":"Estudio Legal Ortiz"},"image":{"@id":"https:\/\/ortizestudiolegal.com\/#\/schema\/logo\/image\/"},"sameAs":["https:\/\/www.facebook.com\/ortizestudiolegal\/"]}]}},"_links":{"self":[{"href":"https:\/\/ortizestudiolegal.com\/en\/wp-json\/wp\/v2\/pages\/55","targetHints":{"allow":["GET"]}}],"collection":[{"href":"https:\/\/ortizestudiolegal.com\/en\/wp-json\/wp\/v2\/pages"}],"about":[{"href":"https:\/\/ortizestudiolegal.com\/en\/wp-json\/wp\/v2\/types\/page"}],"author":[{"embeddable":true,"href":"https:\/\/ortizestudiolegal.com\/en\/wp-json\/wp\/v2\/users\/2"}],"replies":[{"embeddable":true,"href":"https:\/\/ortizestudiolegal.com\/en\/wp-json\/wp\/v2\/comments?post=55"}],"version-history":[{"count":13,"href":"https:\/\/ortizestudiolegal.com\/en\/wp-json\/wp\/v2\/pages\/55\/revisions"}],"predecessor-version":[{"id":588,"href":"https:\/\/ortizestudiolegal.com\/en\/wp-json\/wp\/v2\/pages\/55\/revisions\/588"}],"wp:attachment":[{"href":"https:\/\/ortizestudiolegal.com\/en\/wp-json\/wp\/v2\/media?parent=55"}],"curies":[{"name":"wp","href":"https:\/\/api.w.org\/{rel}","templated":true}]}}